{"id":5599,"date":"2013-01-24T16:22:34","date_gmt":"2013-01-24T16:22:34","guid":{"rendered":"https:\/\/petitcomite.net\/premis-i-publicacions\/"},"modified":"2022-07-06T14:26:11","modified_gmt":"2022-07-06T14:26:11","slug":"premis-i-publicacions","status":"publish","type":"page","link":"https:\/\/www.petitcomite.net\/es\/premis-i-publicacions\/","title":{"rendered":"Premios y Publicaciones"},"content":{"rendered":"<h1><a href=\"https:\/\/petitcomite.net\/\"><strong>Petit comit\u00e9<\/strong><\/a><\/h1>\n<ul>\n<li><a href=\"http:\/\/www.facebook.com\/pages\/Petit-Comit%C3%A9\/171156719609577\">facebook<\/a>\n<\/li>\n<\/ul>\n<h1>Premios y Publicaciones<\/h1>\n<hr>\n<div>\n<h3>2021<\/h3>\n<h2>Premios Laus<\/h2>\n<p>\u2022 Bronce en la categoria de Dise\u00f1o Gr\u00e1fico, imagen corporativa para peque\u00f1a empresa \/ <a href=\"http:\/\/www.petitcomite.net\/es\/projects\/mas-generos-2\/\">Mas Gener\u00f3s<\/a><\/p>\n<h3>2018<\/h3>\n<h3>Premios Clap<\/h3>\n<ul>\n<li>Clap Platino en Publicidad Gr\u00e1fica \/\u00a0<a href=\"https:\/\/petitcomite.net\/projects\/trofeus-ciutat-de-barcelona-2017\/\">TICB<\/a><\/li>\n<li>Selecci\u00f3n Clap en Dise\u00f1o gr\u00e1fico en miscel\u00e1nea \/\u00a0<a href=\"https:\/\/petitcomite.net\/projects\/imatge-per-a-un-casament\/\">Wedding Card<\/a><\/li>\n<\/ul>\n<h3>Premios Laus<\/h3>\n<p>\u2022 Bronce en Dise\u00f1o Gr\u00e1fico \/\u00a0<a title=\"DANCERS\" href=\"https:\/\/petitcomite.net\/es\/projects\/little-creative-factory-dancers\/\">DANCERS Project<\/a><\/p>\n<h3>2017 Concurso creativo Antalis<\/h3>\n<p>\u2022 Primer premio en categor\u00eda Corporativa. Obra impresa realizada con Rives Design Natural White 350g\u00a0\u00a0 \u00a0\/\u00a0<a title=\"POEMN\" href=\"https:\/\/petitcomite.net\/es\/projects\/poemn\/\">POEMN Project<\/a><\/p>\n<h3>2016 German Design Awards<\/h3>\n<p>\u2022 Menci\u00f3n especial en la categor\u00eda de logos \/\u00a0<a title=\"Di\u00e0legs pel futur\" href=\"https:\/\/petitcomite.net\/es\/projects\/logotip-dialegsfutur\/\">Di\u00e0legs pel Futur<\/a><\/p>\n<h3>2015 Premios Laus<\/h3>\n<p>\u2022 Bronce en categor\u00eda de logos \/ <a title=\"Di\u00e0legs pel futur\" href=\"https:\/\/petitcomite.net\/es\/projects\/logotip-dialegsfutur\/\">Logo Dialegs<\/a><\/p>\n<h3>2014 Premio proyecto referente en Transparencia<\/h3>\n<p>\u2022 Premio proyecto referente en Transparencia\/Open Data en Administraci\u00f3n p\u00fablica. Congreso Nacional de Interoperabilidad y Seguridad (CNIS) 2014 \u00a0\/ <a title=\"See\" href=\"https:\/\/petitcomite.net\/es\/projects\/ajuntament-de-terrassa\/\">Terrassa Open Data Website project<\/a><\/p>\n<h3>2014 Premios Laus<\/h3>\n<p>\u2022 2014 Bronce en Dise\u00f1o Gr\u00e1fico \/ <a title=\"Malpaso, libros a contracorriente\" href=\"https:\/\/petitcomite.net\/es\/projects\/malpaso-logo\/\">Logo Malpaso<\/a><\/p>\n<h3>2013 Premios Laus<\/h3>\n<p>\u2022 Bronce en categor\u00eda logo \/ Identidad Corporativa el Col\u00b7legi \/\u00a0<a title=\"El Col\u00b7legi\" href=\"https:\/\/petitcomite.net\/es\/projects\/col%c2%b7legi-censors-jurats\/\">El Col\u00b7legi<\/a><\/p>\n<h3>2012 Premios Laus<\/h3>\n<p>\u2022 Bronce en poster \/ <a title=\"Congr\u00e8s Onom\u00e0stica Barcelona\" href=\"https:\/\/petitcomite.net\/es\/projects\/la-historia-del-nom-barcelona-en-un-cartell\/\">Congr\u00e9s d\u2019Onom\u00e0stica<\/a><br \/>\u2022 Bronce en Grafica de Comunicaci\u00f3n de Administraciones P\u00fablicas \/ <a title=\"View project\" href=\"https:\/\/petitcomite.net\/es\/projects\/setmana-mobilitat-sostenible\/\">Setmana Mobilitat<\/a><\/p>\n<h3>2011 Premios Laus<\/h3>\n<p>\u2022 Bronce en dise\u00f1o editorial para un informe anual \/\u00a0<a title=\"Informe Anual 2009 CCJCC\" href=\"https:\/\/petitcomite.net\/es\/projects\/memoria-2009-auditors\/\">Memoria Tangram<\/a><br \/>\u2022 Bronce en gr\u00e1ficos de p\u00f3ster para una exposici\u00f3n de gr\u00e1ficos \/ <a href=\"https:\/\/petitcomite.net\/es\/projects\/el-triomf-imaginacio\/\">El triomf de la imaginaci\u00f3<\/a><\/p>\n<p>\u2022 Bronce en dise\u00f1o gr\u00e1fico para una campa\u00f1a institucional \/<a href=\"https:\/\/petitcomite.net\/es\/projects\/trasllat-nat\/\">Tancat per evoluci\u00f3\u00a0\u00a0<\/a><\/p>\n<p>\u2022 Bronce en dise\u00f1o gr\u00e1fico para una imagen de congreso \/<a href=\"https:\/\/petitcomite.net\/es\/projects\/19e-congres-de-lama\/\">Sumant multipliquem\u00a0<\/a><\/p>\n<p>\u2022 Bronce en publicidad gr\u00e1fica \/ <a href=\"https:\/\/petitcomite.net\/es\/projects\/trasllat-nat\/\">Tancat per evoluci\u00f3<br \/><\/a><\/p>\n<h3>2010 Premios Laus<\/h3>\n<p>\u2022 Oro en dise\u00f1o gr\u00e1fico para p\u00f3ster de congreso \/ <a title=\"18\u00e8 Congr\u00e9s Arc Mediterrani Auditors AMA\" href=\"https:\/\/petitcomite.net\/es\/projects\/18e-congres-ama\/\">Congres AMA<\/a><\/p>\n<h3>2004 Premios Laus<\/h3>\n<p>\u2022 Premio menci\u00f3n en dise\u00f1o gr\u00e1fico para articulo promocional\u00a0 \/ <a title=\"Bossa Biblioteques i Bibliob\u00fas\" href=\"https:\/\/petitcomite.net\/es\/projects\/bossa-biblioteques-i-bibliobus\/\">Biblioteques Barcelona<\/a><\/p>\n<h2>Publications<\/h2>\n<h3>2015<\/h3>\n<p>\u2022 Way of Sign V. Artpower publishers, China<\/p>\n<p>\u2022 Designers books, China<\/p>\n<p>\u2022 More than print,\u00a0Sandupublishing, China<\/p>\n<p>\u2022 Wayfinding, Images Publishing, Australia<\/p>\n<p>\u2022 Wayfinding design, Design Media, Hong Kong<\/p>\n<p>\u2022 Best wayfinding design Vol. 3, HI-Design China<\/p>\n<h3>2014<\/h3>\n<p>\u2022 Signage book by Archiworld publishers from South Corea<\/p>\n<h3>2013<\/h3>\n<p>\u2022 Way of the Sign III (Vol.1)<\/p>\n<h3>2011<\/h3>\n<p>\u2022 SELECT J de Index Books<\/p>\n<h3>2010<\/h3>\n<p>\u2022 SELECT I de Index Books<br \/>\u2022 ON Dise\u00f1o magazine 2010<\/p>\n<h3>2009<\/h3>\n<p>\u2022 SELECT H de Index Books<br \/>\u2022 FASHION BRANDING de Monsa<br \/>\u2022 BASIC LOGOS de Index Books<\/p>\n<h3>2008<\/h3>\n<p>\u2022 SELECT G de Index Books<\/p>\n<h3>2007<\/h3>\n<p>\u2022 SELECT F de Index Books<\/p>\n<h3>2006<\/h3>\n<p>\u2022 REFUSE de JMG\/Garrof\u00e9 Disseny Index Books<br \/>\u2022 SELECT E de Index Books<br \/>\u2022 LOGOS MADE IN SPAIN 06 de Index Books<\/p>\n<h3>2005<\/h3>\n<p>\u2022 NUDE JUST LABELS de Index Books<br \/>\u2022 SELECT D de Index Books<\/p>\n<h3>2004<\/h3>\n<p>\u2022 LOGOS MADE IN SPAIN 05 de Index Books<\/p>\n<h3>2003<\/h3>\n<p>\u2022 LOGOS MADE IN SPAIN 04 de Index Books<\/p>\n<h3>2001<\/h3>\n<p>\u2022 Trabajo mostrado en el art\u00edculo de la revista Communication Arts<\/p>\n<h3>2000<\/h3>\n<p>\u2022 LOGOS MADE IN SPAIN 01<\/p>\n<\/div>\n<p><!--more--><br \/>\n<!-- {\"name\":\"Premios\",\"type\":\"layout\",\"children\":[{\"type\":\"section\",\"props\":{\"style\":\"default\",\"width\":\"default\",\"vertical_align\":\"\",\"title_position\":\"top-left\",\"title_rotation\":\"left\",\"title_breakpoint\":\"xl\",\"image_position\":\"center-center\",\"padding\":\"small\",\"height\":\"section\"},\"children\":[{\"type\":\"row\",\"props\":{\"layout\":\"1-3,2-3\",\"column_gap\":\"large\"},\"children\":[{\"type\":\"column\",\"props\":{\"position_sticky_breakpoint\":\"m\",\"image_position\":\"center-center\",\"media_overlay_gradient\":\"\",\"width_medium\":\"medium\",\"position_sticky\":true,\"position_sticky_offset\":\"40\"},\"children\":[{\"type\":\"headline\",\"props\":{\"title_element\":\"h1\",\"content\":\"<strong>Petit comit\\u00e9<\\\/strong>\",\"css\":\".el-element{\\n\\tbackground: \\n-webkit-gradient(linear, left top, left bottom, color-stop(50%, #fff), color-stop(51%, #efcd24), color-stop(64%, #efcd24), color-stop(65%, #fff));\\n\\tbackground: \\n-o-linear-gradient(#fff 50%, #efcd24 51%, #efcd24 64%, #fff 65%);\\n\\tbackground: \\nlinear-gradient(#fff 50%, #efcd24 51%, #efcd24 64%, #fff 65%);\\n    width: fit-content;\\n    margin-top: 22px;\\n}\\n\\n@media(max-width:920px){\\n    .el-element{\\n    \\tmargin-left:auto;\\n        margin-right:auto;\\n    }\\n}\\n\",\"link\":\"https:\\\/\\\/petitcomite.net\\\/\",\"text_align\":\"left\",\"text_align_breakpoint\":\"m\",\"text_align_fallback\":\"center\"}},{\"type\":\"module\",\"props\":{\"menu_style\":\"nav\",\"widget\":\"nav_menu-2\",\"type\":\"nav_menu\",\"visibility\":\"m\"}},{\"type\":\"module\",\"props\":{\"menu_style\":\"subnav\",\"widget\":\"nav_menu-2\",\"type\":\"nav_menu\",\"text_align\":\"center\",\"visibility\":\"hidden-m\",\"css\":\"@media(max-width:920px){\\n\\t.el-element {\\n\\t    width: fit-content;\\n    \\tmargin-left: auto;\\n    \\tmargin-right: auto;\\n    }\\n}\"},\"name\":\"Nav mob\"},{\"type\":\"search\",\"props\":{\"search_style\":\"\",\"search_icon\":\"right\",\"margin\":\"medium\",\"maxwidth\":\"medium\",\"block_align\":\"center\"}},{\"type\":\"module\",\"props\":{\"menu_style\":\"nav\",\"widget\":\"icl_lang_sel_widget-2\",\"type\":\"icl_lang_sel_widget\",\"css\":\"@media(max-width:920px){\\n\\t.el-element {\\n\\t    width: fit-content;\\n    \\tmargin-left: auto;\\n    \\tmargin-right: auto;\\n    }\\n}\",\"visibility\":\"m\"},\"name\":\"Idioma\"},{\"type\":\"social\",\"props\":{\"link_style\":\"button\",\"grid\":\"horizontal\",\"grid_gap\":\"small\",\"margin\":\"default\",\"visibility\":\"m\"},\"children\":[{\"type\":\"social_item\",\"props\":{\"link\":\"http:\\\/\\\/www.facebook.com\\\/pages\\\/Petit-Comit%C3%A9\\\/171156719609577\"}}]}]},{\"type\":\"column\",\"props\":{\"position_sticky_breakpoint\":\"m\",\"image_position\":\"center-center\",\"media_overlay_gradient\":\"\",\"width_medium\":\"expand\",\"css\":\".el-column{\\n\\tmargin-top:25px;\\n}\"},\"children\":[{\"type\":\"headline\",\"props\":{\"title_element\":\"h1\",\"class\":\"\",\"css\":\"@media(min-width:620px){\\n\\t.el-element{\\n\\t\\tmax-width: calc(100% - 150px);\\n    }\\n}\",\"margin_remove_top\":true,\"content\":\"Premios y Publicaciones\"}},{\"type\":\"divider\",\"props\":{\"divider_element\":\"hr\",\"margin\":\"medium\"}},{\"type\":\"text\",\"props\":{\"margin\":\"default\",\"column_breakpoint\":\"m\",\"content\":\"\n\n<h3>2021<\\\/h3>\\n\n\n<h2>Premios Laus<\\\/h2>\\n\n\n<p>\\u2022 Bronce en la categoria de Dise\\u00f1o Gr\\u00e1fico, imagen corporativa para peque\\u00f1a empresa \\\/ <a href=\\\"http:\\\/\\\/www.petitcomite.net\\\/es\\\/projects\\\/mas-generos-2\\\/\\\">Mas Gener\\u00f3s<\\\/a><\\\/p>\\n\n\n<h3>2018<\\\/h3>\\n\n\n<h3>Premios Clap<\\\/h3>\\n\n\n<ul>\\n\n\n<li>Clap Platino en Publicidad Gr\\u00e1fica \\\/\\u00a0<a href=\\\"https:\\\/\\\/petitcomite.net\\\/projects\\\/trofeus-ciutat-de-barcelona-2017\\\/\\\">TICB<\\\/a><\\\/li>\\n\n\n<li>Selecci\\u00f3n Clap en Dise\\u00f1o gr\\u00e1fico en miscel\\u00e1nea \\\/\\u00a0<a href=\\\"https:\\\/\\\/petitcomite.net\\\/projects\\\/imatge-per-a-un-casament\\\/\\\">Wedding Card<\\\/a><\\\/li>\\n<\\\/ul>\\n\n\n<h3>Premios Laus<\\\/h3>\\n\n\n<p>\\u2022 Bronce en Dise\\u00f1o Gr\\u00e1fico \\\/\\u00a0<a title=\\\"DANCERS\\\" href=\\\"https:\\\/\\\/petitcomite.net\\\/es\\\/projects\\\/little-creative-factory-dancers\\\/\\\">DANCERS Project<\\\/a><\\\/p>\\n\n\n<h3>2017 Concurso creativo Antalis<\\\/h3>\\n\n\n<p>\\u2022 Primer premio en categor\\u00eda Corporativa. Obra impresa realizada con Rives Design Natural White 350g\\u00a0\\u00a0 \\u00a0\\\/\\u00a0<a title=\\\"POEMN\\\" href=\\\"https:\\\/\\\/petitcomite.net\\\/es\\\/projects\\\/poemn\\\/\\\">POEMN Project<\\\/a><\\\/p>\\n\n\n<h3>2016 German Design Awards<\\\/h3>\\n\n\n<p>\\u2022 Menci\\u00f3n especial en la categor\\u00eda de logos \\\/\\u00a0<a title=\\\"Di\\u00e0legs pel futur\\\" href=\\\"https:\\\/\\\/petitcomite.net\\\/es\\\/projects\\\/logotip-dialegsfutur\\\/\\\">Di\\u00e0legs pel Futur<\\\/a><\\\/p>\\n\n\n<h3>2015 Premios Laus<\\\/h3>\\n\n\n<p>\\u2022 Bronce en categor\\u00eda de logos \\\/ <a title=\\\"Di\\u00e0legs pel futur\\\" href=\\\"https:\\\/\\\/petitcomite.net\\\/es\\\/projects\\\/logotip-dialegsfutur\\\/\\\">Logo Dialegs<\\\/a><\\\/p>\\n\n\n<h3>2014 Premio proyecto referente en Transparencia<\\\/h3>\\n\n\n<p>\\u2022 Premio proyecto referente en Transparencia\\\/Open Data en Administraci\\u00f3n p\\u00fablica. Congreso Nacional de Interoperabilidad y Seguridad (CNIS) 2014 \\u00a0\\\/ <a title=\\\"See\\\" href=\\\"https:\\\/\\\/petitcomite.net\\\/es\\\/projects\\\/ajuntament-de-terrassa\\\/\\\">Terrassa Open Data Website project<\\\/a><\\\/p>\\n\n\n<h3>2014 Premios Laus<\\\/h3>\\n\n\n<p>\\u2022 2014 Bronce en Dise\\u00f1o Gr\\u00e1fico \\\/ <a title=\\\"Malpaso, libros a contracorriente\\\" href=\\\"https:\\\/\\\/petitcomite.net\\\/es\\\/projects\\\/malpaso-logo\\\/\\\">Logo Malpaso<\\\/a><\\\/p>\\n\n\n<h3>2013 Premios Laus<\\\/h3>\\n\n\n<p>\\u2022 Bronce en categor\\u00eda logo \\\/ Identidad Corporativa el Col\\u00b7legi \\\/\\u00a0<a title=\\\"El Col\\u00b7legi\\\" href=\\\"https:\\\/\\\/petitcomite.net\\\/es\\\/projects\\\/col%c2%b7legi-censors-jurats\\\/\\\">El Col\\u00b7legi<\\\/a><\\\/p>\\n\n\n<h3>2012 Premios Laus<\\\/h3>\\n\n\n<p>\\u2022 Bronce en poster \\\/ <a title=\\\"Congr\\u00e8s Onom\\u00e0stica Barcelona\\\" href=\\\"https:\\\/\\\/petitcomite.net\\\/es\\\/projects\\\/la-historia-del-nom-barcelona-en-un-cartell\\\/\\\">Congr\\u00e9s d\\u2019Onom\\u00e0stica<\\\/a><br \\\/>\\u2022 Bronce en Grafica de Comunicaci\\u00f3n de Administraciones P\\u00fablicas \\\/ <a title=\\\"View project\\\" href=\\\"https:\\\/\\\/petitcomite.net\\\/es\\\/projects\\\/setmana-mobilitat-sostenible\\\/\\\">Setmana Mobilitat<\\\/a><\\\/p>\\n\n\n<h3>2011 Premios Laus<\\\/h3>\\n\n\n<p>\\u2022 Bronce en dise\\u00f1o editorial para un informe anual \\\/\\u00a0<a title=\\\"Informe Anual 2009 CCJCC\\\" href=\\\"https:\\\/\\\/petitcomite.net\\\/es\\\/projects\\\/memoria-2009-auditors\\\/\\\">Memoria Tangram<\\\/a><br \\\/>\\u2022 Bronce en gr\\u00e1ficos de p\\u00f3ster para una exposici\\u00f3n de gr\\u00e1ficos \\\/ <a href=\\\"https:\\\/\\\/petitcomite.net\\\/es\\\/projects\\\/el-triomf-imaginacio\\\/\\\">El triomf de la imaginaci\\u00f3<\\\/a><\\\/p>\\n\n\n<p>\\u2022 Bronce en dise\\u00f1o gr\\u00e1fico para una campa\\u00f1a institucional \\\/<a href=\\\"https:\\\/\\\/petitcomite.net\\\/es\\\/projects\\\/trasllat-nat\\\/\\\">Tancat per evoluci\\u00f3\\u00a0\\u00a0<\\\/a><\\\/p>\\n\n\n<p>\\u2022 Bronce en dise\\u00f1o gr\\u00e1fico para una imagen de congreso \\\/<a href=\\\"https:\\\/\\\/petitcomite.net\\\/es\\\/projects\\\/19e-congres-de-lama\\\/\\\">Sumant multipliquem\\u00a0<\\\/a><\\\/p>\\n\n\n<p>\\u2022 Bronce en publicidad gr\\u00e1fica \\\/ <a href=\\\"https:\\\/\\\/petitcomite.net\\\/es\\\/projects\\\/trasllat-nat\\\/\\\">Tancat per evoluci\\u00f3<br \\\/><\\\/a><\\\/p>\\n\n\n<h3>2010 Premios Laus<\\\/h3>\\n\n\n<p>\\u2022 Oro en dise\\u00f1o gr\\u00e1fico para p\\u00f3ster de congreso \\\/ <a title=\\\"18\\u00e8 Congr\\u00e9s Arc Mediterrani Auditors AMA\\\" href=\\\"https:\\\/\\\/petitcomite.net\\\/es\\\/projects\\\/18e-congres-ama\\\/\\\">Congres AMA<\\\/a><\\\/p>\\n\n\n<h3>2004 Premios Laus<\\\/h3>\\n\n\n<p>\\u2022 Premio menci\\u00f3n en dise\\u00f1o gr\\u00e1fico para articulo promocional\\u00a0 \\\/ <a title=\\\"Bossa Biblioteques i Bibliob\\u00fas\\\" href=\\\"https:\\\/\\\/petitcomite.net\\\/es\\\/projects\\\/bossa-biblioteques-i-bibliobus\\\/\\\">Biblioteques Barcelona<\\\/a><\\\/p>\\n\n\n<h2>Publications<\\\/h2>\\n\n\n<h3>2015<\\\/h3>\\n\n\n<p>\\u2022 Way of Sign V. Artpower publishers, China<\\\/p>\\n\n\n<p>\\u2022 Designers books, China<\\\/p>\\n\n\n<p>\\u2022 More than print,\\u00a0Sandupublishing, China<\\\/p>\\n\n\n<p>\\u2022 Wayfinding, Images Publishing, Australia<\\\/p>\\n\n\n<p>\\u2022 Wayfinding design, Design Media, Hong Kong<\\\/p>\\n\n\n<p>\\u2022 Best wayfinding design Vol. 3, HI-Design China<\\\/p>\\n\n\n<h3>2014<\\\/h3>\\n\n\n<p>\\u2022 Signage book by Archiworld publishers from South Corea<\\\/p>\\n\n\n<h3>2013<\\\/h3>\\n\n\n<p>\\u2022 Way of the Sign III (Vol.1)<\\\/p>\\n\n\n<h3>2011<\\\/h3>\\n\n\n<p>\\u2022 SELECT J de Index Books<\\\/p>\\n\n\n<h3>2010<\\\/h3>\\n\n\n<p>\\u2022 SELECT I de Index Books<br \\\/>\\u2022 ON Dise\\u00f1o magazine 2010<\\\/p>\\n\n\n<h3>2009<\\\/h3>\\n\n\n<p>\\u2022 SELECT H de Index Books<br \\\/>\\u2022 FASHION BRANDING de Monsa<br \\\/>\\u2022 BASIC LOGOS de Index Books<\\\/p>\\n\n\n<h3>2008<\\\/h3>\\n\n\n<p>\\u2022 SELECT G de Index Books<\\\/p>\\n\n\n<h3>2007<\\\/h3>\\n\n\n<p>\\u2022 SELECT F de Index Books<\\\/p>\\n\n\n<h3>2006<\\\/h3>\\n\n\n<p>\\u2022 REFUSE de JMG\\\/Garrof\\u00e9 Disseny Index Books<br \\\/>\\u2022 SELECT E de Index Books<br \\\/>\\u2022 LOGOS MADE IN SPAIN 06 de Index Books<\\\/p>\\n\n\n<h3>2005<\\\/h3>\\n\n\n<p>\\u2022 NUDE JUST LABELS de Index Books<br \\\/>\\u2022 SELECT D de Index Books<\\\/p>\\n\n\n<h3>2004<\\\/h3>\\n\n\n<p>\\u2022 LOGOS MADE IN SPAIN 05 de Index Books<\\\/p>\\n\n\n<h3>2003<\\\/h3>\\n\n\n<p>\\u2022 LOGOS MADE IN SPAIN 04 de Index Books<\\\/p>\\n\n\n<h3>2001<\\\/h3>\\n\n\n<p>\\u2022 Trabajo mostrado en el art\\u00edculo de la revista Communication Arts<\\\/p>\\n\n\n<h3>2000<\\\/h3>\\n\n\n<p>\\u2022 LOGOS MADE IN SPAIN 01<\\\/p>\",\"id\":\"premiosContent\"}}]}]}]}],\"version\":\"2.7.22\"} --><\/p>\n","protected":false},"excerpt":{"rendered":"<p>Petit comit\u00e9 facebook Premios y Publicaciones 2021 Premios Laus \u2022 Bronce en la categoria de Dise\u00f1o Gr\u00e1fico, imagen corporativa para peque\u00f1a empresa \/ Mas Gener\u00f3s 2018 Premios Clap Clap Platino en Publicidad Gr\u00e1fica \/\u00a0TICB Selecci\u00f3n Clap en Dise\u00f1o gr\u00e1fico en miscel\u00e1nea \/\u00a0Wedding Card Premios Laus \u2022 Bronce en Dise\u00f1o Gr\u00e1fico \/\u00a0DANCERS Project 2017 Concurso creativo [&hellip;]<\/p>\n","protected":false},"author":2,"featured_media":0,"parent":0,"menu_order":0,"comment_status":"closed","ping_status":"closed","template":"","meta":[],"acf":[],"_links":{"self":[{"href":"https:\/\/www.petitcomite.net\/es\/wp-json\/wp\/v2\/pages\/5599"}],"collection":[{"href":"https:\/\/www.petitcomite.net\/es\/wp-json\/wp\/v2\/pages"}],"about":[{"href":"https:\/\/www.petitcomite.net\/es\/wp-json\/wp\/v2\/types\/page"}],"author":[{"embeddable":true,"href":"https:\/\/www.petitcomite.net\/es\/wp-json\/wp\/v2\/users\/2"}],"replies":[{"embeddable":true,"href":"https:\/\/www.petitcomite.net\/es\/wp-json\/wp\/v2\/comments?post=5599"}],"version-history":[{"count":12,"href":"https:\/\/www.petitcomite.net\/es\/wp-json\/wp\/v2\/pages\/5599\/revisions"}],"predecessor-version":[{"id":6631,"href":"https:\/\/www.petitcomite.net\/es\/wp-json\/wp\/v2\/pages\/5599\/revisions\/6631"}],"wp:attachment":[{"href":"https:\/\/www.petitcomite.net\/es\/wp-json\/wp\/v2\/media?parent=5599"}],"curies":[{"name":"wp","href":"https:\/\/api.w.org\/{rel}","templated":true}]}}