{"id":7372,"date":"2022-12-13T15:42:31","date_gmt":"2022-12-13T15:42:31","guid":{"rendered":"https:\/\/www.petitcomite.net\/?page_id=7372"},"modified":"2022-12-13T15:42:46","modified_gmt":"2022-12-13T15:42:46","slug":"aviso-legal","status":"publish","type":"page","link":"https:\/\/www.petitcomite.net\/es\/aviso-legal\/","title":{"rendered":"Aviso legal"},"content":{"rendered":"\n<p><strong>1. Datos de la empresa<\/strong><\/p>\n\n\n\n<p><strong>https:\/\/www.petitcomite.net\/ <\/strong>(el sitio web) es un producto de&nbsp;<strong>PETIT COMITE DEL DISSENY, S.L.<\/strong><\/p>\n\n\n\n<p>En cumplimiento del art\u00edculo 10 de la Ley 34\/2002, de 11 de julio, de Servicios de la Sociedad de la Informaci\u00f3n y Comercio Electr\u00f3nico (LSSI), a continuaci\u00f3n, se exponen los datos identificativos del responsable del presente sitio web:<\/p>\n\n\n\n<p>Nombre del sitio web: <a href=\"https:\/\/www.petitcomite.net\/\">https:\/\/www.petitcomite.net\/<\/a><br>Denominaci\u00f3n social: PETIT COMITE DEL DISSENY, S.L.<br>NIF: B62773908<br>Domicilio social: 08012-Barcelona, Perill 45, bajos<br>Correo electr\u00f3nico de contacto: <a href=\"mailto:estudi@petitcomite.net\">estudi@petitcomite.net<\/a><br>N\u00ba de tel\u00e9fono: 934410757<br>Datos de Inscripci\u00f3n en el Registro Mercantil de Barcelona en el tomo 34510, folio 84, hoja B249008, inscripci\u00f3n 1\u00aa.<\/p>\n\n\n\n<p><strong>2. Objeto<\/strong><\/p>\n\n\n\n<p>Este aviso legal tiene por objeto establecer las condiciones generales que regulan el acceso y uso general del presente sitio web por parte de todos los usuarios, de manera que el acceso y el uso del mismo implica necesariamente el sometimiento y aceptaci\u00f3n de las condiciones generales incluidas en este Aviso Legal.<\/p>\n\n\n\n<p>Por este motivo,&nbsp;<strong>PETIT COMITE DEL DISSENY, S.L.<\/strong>&nbsp;recomienda que el usuario las lea detenidamente cada vez que quiera entrar y hacer uso de la citada p\u00e1gina web, ya que \u00e9stas pueden sufrir alg\u00fan cambio. En este sentido,&nbsp;<strong>PETIT COMITE DEL DISSENY, S.L.<\/strong>&nbsp;se reserva la facultad de realizar, en cualquier momento y sin necesidad de previo aviso alguno, cualquier modificaci\u00f3n o actualizaci\u00f3n de los contenidos y servicios, de las presentes condiciones generales de acceso y uso y, en general, de cuantos elementos integren el dise\u00f1o y configuraci\u00f3n del presente sitio web.<\/p>\n\n\n\n<p><strong>3. Uso<\/strong><\/p>\n\n\n\n<p>En el caso de que el usuario proceda a su registro para la contrataci\u00f3n o adquisici\u00f3n de un servicio ofrecido en el presente sitio web, el usuario ser\u00e1 responsable de aportar informaci\u00f3n veraz y l\u00edcita. Si como consecuencia del registro, se dotara al usuario de una contrase\u00f1a, \u00e9ste se compromete a hacer un uso diligente y a mantener en secreto la contrase\u00f1a para acceder a estos servicios. En consecuencia, los usuarios son responsables de la adecuada custodia y confidencialidad de cualesquiera identificadores y\/o contrase\u00f1as que, en su caso, le sean suministradas por&nbsp;<strong>PETIT COMITE DEL DISSENY, S.L.<\/strong>, y se comprometen a no ceder su uso a terceros, ya sea temporal o permanente, ni a permitir su acceso a personas ajenas. Ser\u00e1 responsabilidad del usuario la utilizaci\u00f3n il\u00edcita de los servicios por cualquier tercero ileg\u00edtimo que emplee a tal efecto una contrase\u00f1a a causa de una utilizaci\u00f3n no diligente o de la p\u00e9rdida de la misma por el usuario. En virtud de lo anterior, es obligaci\u00f3n del usuario notificar de forma inmediata a la direcci\u00f3n de contacto de&nbsp;<strong>PETIT COMITE DEL DISSENY, S.L.<\/strong>&nbsp;acerca de cualquier hecho que permita el uso indebido de los identificadores y\/o contrase\u00f1as, tales como el robo, extrav\u00edo, o el acceso no autorizado a los mismos, con el fin de proceder a su inmediata cancelaci\u00f3n. Mientras no se comuniquen tales hechos,&nbsp;<strong>PETIT COMITE DEL DISSENY, S.L.<\/strong>&nbsp;quedar\u00e1 eximida de cualquier responsabilidad que pudiera derivarse del uso indebido de los identificadores o contrase\u00f1as por terceros no autorizados.<\/p>\n\n\n\n<p>La utilizaci\u00f3n del presente sitio web por cualquier persona atribuye la condici\u00f3n de usuario de la misma, el cual acepta que el citado uso es bajo su exclusiva responsabilidad, por lo que el usuario se compromete a observar diligente y fielmente cualquier instrucci\u00f3n adicional impartida por&nbsp;<strong>PETIT COMITE DEL DISSENY, S.L.<\/strong>&nbsp;o por personal autorizado de&nbsp;<strong>PETIT COMITE DEL DISSENY, S.L.<\/strong>&nbsp;relativa al uso del presente sitio web y de sus contenidos.<\/p>\n\n\n\n<p>El usuario se compromete a no utilizar la informaci\u00f3n, actividades, productos o servicios que&nbsp;<strong>PETIT COMITE DEL DISSENY, S.L.<\/strong>&nbsp;pone a su disposici\u00f3n para desarrollar actividades contrarias a las leyes, a la moral o al orden p\u00fablico y, en general, a hacer un uso conforme a las presentes condiciones generales. Por tanto, el usuario se obliga a usar los contenidos de forma diligente, correcta y l\u00edcita y, en particular, se compromete a abstenerse de:<\/p>\n\n\n\n<ul><li>Utilizar los contenidos con fines o efectos contrarios a la ley, a la moral y a las buenas costumbres generalmente aceptadas o al orden p\u00fablico.<\/li><li>Reproducir o copiar, distribuir, permitir el acceso del p\u00fablico a trav\u00e9s de cualquier modalidad de comunicaci\u00f3n p\u00fablica, transformar o modificar los contenidos, a menos que se cuente con la autorizaci\u00f3n del titular de los correspondientes derechos o ello resulte legalmente permitido.<\/li><li>Emplear los contenidos y, en particular, la informaci\u00f3n de cualquier clase obtenida a trav\u00e9s de la p\u00e1gina o de los servicios para remitir publicidad, comunicaciones con fines de venta directa o con cualquier otra clase de finalidad comercial, mensajes no solicitados dirigidos a una pluralidad de personas con independencia de su finalidad, as\u00ed como a abstenerse de comercializar o divulgar de cualquier modo dicha informaci\u00f3n.<\/li><\/ul>\n\n\n\n<p>En cualquier caso,&nbsp;<strong>PETIT COMITE DEL DISSENY, S.L.<\/strong>&nbsp;no se responsabiliza de los da\u00f1os y perjuicios que puedan sufrir los equipos inform\u00e1ticos del usuario porque \u00e9ste haya accedido al portal o lo haya utilizado de forma indebida o negligente.<\/p>\n\n\n\n<p><strong>4. Propiedad Intelectual<\/strong><\/p>\n\n\n\n<p>Todos los contenidos de la p\u00e1gina web, entendiendo por estos a t\u00edtulo meramente enunciativo los textos, im\u00e1genes, gr\u00e1ficos, im\u00e1genes, iconos, tecnolog\u00eda, software, enlaces y dem\u00e1s contenidos audiovisuales o sonoros, as\u00ed como su dise\u00f1o gr\u00e1fico y c\u00f3digos fuente (en adelante, \u201clos CONTENIDOS\u201d), son propiedad intelectual e industrial de&nbsp;<strong>PETIT COMITE DEL DISSENY, S.L.<\/strong>&nbsp;o en su caso, de terceros. Del mismo modo, las marcas, nombres comerciales o signos distintivos son titularidad exclusiva de&nbsp;<strong>PETIT COMITE DEL DISSENY, S.L.<\/strong>&nbsp;o, en su caso, de terceros.<\/p>\n\n\n\n<p>Queda prohibida la reproducci\u00f3n, transformaci\u00f3n, distribuci\u00f3n, comunicaci\u00f3n p\u00fablica, puesta a disposici\u00f3n interactiva, extracci\u00f3n, reutilizaci\u00f3n, reenv\u00edo o la utilizaci\u00f3n de cualquier naturaleza, por cualquier medio o procedimiento, de cualquiera de los CONTENIDOS, salvo en los casos en que est\u00e9 legalmente permitido o sea autorizado expresamente y por escrito por el titular de los correspondientes derechos.&nbsp;<strong>PETIT COMITE DEL DISSENY, S.L.<\/strong>&nbsp;se reserva el uso de acciones judiciales civiles y\/o penales contra aquellas personas f\u00edsicas o jur\u00eddicas y sus representantes que violen cualquiera de los citados derechos de propiedad industrial e intelectual.<\/p>\n\n\n\n<p><strong>PETIT COMITE DEL DISSENY, S.L.<\/strong>&nbsp;se compromete a cumplir las condiciones mencionadas anteriormente para garantizar el uso correcto del contenido del sitio web, ejerciendo cualquier acci\u00f3n civil o penal necesaria en el caso de infracci\u00f3n o incumplimiento de estos derechos por parte del usuario.<\/p>\n\n\n\n<p><strong>5. Enlaces al presente portal<\/strong><\/p>\n\n\n\n<p>El usuario que quiera introducir un enlace desde su propia p\u00e1gina web al presente portal deber\u00e1 estar previamente autorizado y por escrito por parte de&nbsp;<strong>PETIT COMITE DEL DISSENY, S.L.<\/strong><\/p>\n\n\n\n<p><strong>6. Responsabilidades y garant\u00edas<\/strong><\/p>\n\n\n\n<p><strong>PETIT COMITE DEL DISSENY, S.L.<\/strong>&nbsp;no garantiza la licitud, fiabilidad, utilidad, veracidad o exactitud de los servicios o de la informaci\u00f3n que se presten a trav\u00e9s del presente sitio web.<\/p>\n\n\n\n<p>En consecuencia,&nbsp;<strong>PETIT COMITE DEL DISSENY, S.L.<\/strong>&nbsp;no garantiza ni se hace responsable de:<\/p>\n\n\n\n<ul><li>La continuidad de los contenidos del presente sitio web.<\/li><li>La ausencia de errores en dichos contenidos ni la correcci\u00f3n de cualquier defecto que pudiera ocurrir.<\/li><li>La ausencia de virus y\/o dem\u00e1s componentes da\u00f1inos en el presente sitio web o en el servidor que lo alberga.<\/li><li>La invulnerabilidad del presente sitio web y\/o la inexpugnabilidad de las medidas de seguridad que se adopten en el mismo.<\/li><li>La falta de utilidad o rendimiento de los contenidos del presente sitio web.<\/li><li>Los da\u00f1os o perjuicios que cause, a s\u00ed mismo o a un tercero, cualquier persona que infringiera las condiciones, normas e instrucciones que&nbsp;<strong>PETIT COMITE DEL DISSENY, S.L.<\/strong>&nbsp;establece en el presente sitio web o a trav\u00e9s de la vulneraci\u00f3n de los sistemas de seguridad de&nbsp;<strong>PETIT COMITE DEL DISSENY, S.L.<\/strong><\/li><\/ul>\n\n\n\n<p>No obstante,&nbsp;<strong>PETIT COMITE DEL DISSENY, S.L.<\/strong>&nbsp;declara que ha adoptado todas las medidas necesarias, dentro de sus posibilidades y del estado de la tecnolog\u00eda, para garantizar el funcionamiento del presente sitio web y evitar la existencia y transmisi\u00f3n de virus y dem\u00e1s componentes da\u00f1inos a los usuarios. En cualquier caso,&nbsp;<strong>PETIT COMITE DEL DISSENY, S.L.<\/strong>&nbsp;no se responsabiliza de los da\u00f1os y perjuicios que puedan sufrir los equipos inform\u00e1ticos del usuario porque \u00e9ste haya accedido al portal o la haya utilizado de forma indebida o negligente.<\/p>\n\n\n\n<p><strong>7. Legislaci\u00f3n y jurisdicci\u00f3n aplicable<\/strong><\/p>\n\n\n\n<p>Las relaciones establecidas entre&nbsp;<strong>PETIT COMITE DEL DISSENY, S.L.<\/strong>&nbsp;y el usuario se regir\u00e1n por lo dispuesto en la normativa vigente acerca de la legislaci\u00f3n aplicable y la jurisdicci\u00f3n competente. La ley espa\u00f1ola ser\u00e1 la \u00fanica aplicable. Para los casos en los que la normativa prevea la posibilidad a las partes de someterse expresamente a un fuero,&nbsp;<strong>PETIT COMITE DEL DISSENY, S.L.<\/strong>&nbsp;y el usuario, con renuncia expresa a cualquier otro fuero que pudiera corresponderles, se someten a los juzgados y tribunales de la ciudad de Barcelona.<\/p>\n\n\n\n<p>Copyright \u00a9&nbsp;<strong>PETIT COMITE DEL DISSENY, S.L.<\/strong>&nbsp;Todos los derechos reservados. 2022.<\/p>\n","protected":false},"excerpt":{"rendered":"<p>1. Datos de la empresa https:\/\/www.petitcomite.net\/ (el sitio web) es un producto de&nbsp;PETIT COMITE DEL DISSENY, S.L. En cumplimiento del art\u00edculo 10 de la Ley 34\/2002, de 11 de julio, de Servicios de la Sociedad de la Informaci\u00f3n y Comercio Electr\u00f3nico (LSSI), a continuaci\u00f3n, se exponen los datos identificativos del responsable del presente sitio web: [&hellip;]<\/p>\n","protected":false},"author":9,"featured_media":0,"parent":0,"menu_order":0,"comment_status":"closed","ping_status":"closed","template":"","meta":[],"acf":[],"_links":{"self":[{"href":"https:\/\/www.petitcomite.net\/es\/wp-json\/wp\/v2\/pages\/7372"}],"collection":[{"href":"https:\/\/www.petitcomite.net\/es\/wp-json\/wp\/v2\/pages"}],"about":[{"href":"https:\/\/www.petitcomite.net\/es\/wp-json\/wp\/v2\/types\/page"}],"author":[{"embeddable":true,"href":"https:\/\/www.petitcomite.net\/es\/wp-json\/wp\/v2\/users\/9"}],"replies":[{"embeddable":true,"href":"https:\/\/www.petitcomite.net\/es\/wp-json\/wp\/v2\/comments?post=7372"}],"version-history":[{"count":2,"href":"https:\/\/www.petitcomite.net\/es\/wp-json\/wp\/v2\/pages\/7372\/revisions"}],"predecessor-version":[{"id":7374,"href":"https:\/\/www.petitcomite.net\/es\/wp-json\/wp\/v2\/pages\/7372\/revisions\/7374"}],"wp:attachment":[{"href":"https:\/\/www.petitcomite.net\/es\/wp-json\/wp\/v2\/media?parent=7372"}],"curies":[{"name":"wp","href":"https:\/\/api.w.org\/{rel}","templated":true}]}}