{"id":7375,"date":"2022-12-13T15:43:41","date_gmt":"2022-12-13T15:43:41","guid":{"rendered":"https:\/\/www.petitcomite.net\/?page_id=7375"},"modified":"2022-12-13T15:43:44","modified_gmt":"2022-12-13T15:43:44","slug":"politica-de-privacidad","status":"publish","type":"page","link":"https:\/\/www.petitcomite.net\/es\/politica-de-privacidad\/","title":{"rendered":"Pol\u00edtica de privacidad"},"content":{"rendered":"\n<p><strong>Informaci\u00f3n general<\/strong><\/p>\n\n\n\n<p>Gracias por tu inter\u00e9s en nuestra compa\u00f1\u00eda. Su privacidad es importante para nosotros y siempre debe sentirse seguro y c\u00f3modo al visitar nuestro sitio web. Por ello, hemos tomado medidas tanto t\u00e9cnicas como organizativas para asegurarnos de cumplir siempre con la legislaci\u00f3n vigente. Este documento describe la informaci\u00f3n que podemos recopilar y lo que hacemos con ella.<\/p>\n\n\n\n<p><strong>I. \u00bfQui\u00e9n es el responsable?<\/strong><\/p>\n\n\n\n<p>PETIT COMITE DEL DISSENY, S.L.<\/p>\n\n\n\n<p>NIF: B62773908<\/p>\n\n\n\n<p>08012-Barcelona, Perill 45, bajos<\/p>\n\n\n\n<p>Correo electr\u00f3nico de contacto: estudi@petitcomite.net<\/p>\n\n\n\n<p>N\u00ba de tel\u00e9fono: 934410757<\/p>\n\n\n\n<p>Datos de Inscripci\u00f3n en el Registro Mercantil de Barcelona en el tomo 34510, folio 84, hoja B249008, inscripci\u00f3n 1\u00aa.<\/p>\n\n\n\n<p><strong>II. Funcionamiento de este sitio web<\/strong><\/p>\n\n\n\n<p>A continuaci\u00f3n, le informaremos sobre c\u00f3mo procesamos sus datos personales en relaci\u00f3n con la provisi\u00f3n del sitio web y la creaci\u00f3n de archivos de registro.<\/p>\n\n\n\n<p><strong>1. \u00bfQu\u00e9 datos personales utilizamos?<\/strong><\/p>\n\n\n\n<p>Cada vez que visita nuestro sitio web, nuestro sistema recopila autom\u00e1ticamente datos e informaci\u00f3n del sistema operativo del ordenador conectado. Adem\u00e1s de datos que no est\u00e1n vinculados a usted (por ejemplo, el nombre de dominio del sitio web del que proviene, los sitios web que visit\u00f3 en nuestro sistema, los nombres de los archivos que mir\u00f3 (y la fecha y hora en que mir\u00f3 un archivo), el nombre de su proveedor de servicios de Internet, el sistema operativo de su ordenador y la versi\u00f3n del navegador, si corresponde, el nombre de host del ordenador conectado, la configuraci\u00f3n de idioma), as\u00ed como su direcci\u00f3n IP.<\/p>\n\n\n\n<p><strong>2. \u00bfQu\u00e9 fuentes de datos utilizamos?<\/strong><\/p>\n\n\n\n<p>Los datos los recopilamos a trav\u00e9s de su ordenador y se transmiten autom\u00e1ticamente a nuestro sistema.<\/p>\n\n\n\n<p><strong>3. \u00bfPor qu\u00e9 tratamos sus datos y con qu\u00e9 base legal?<\/strong><\/p>\n\n\n\n<p>En primer lugar, los datos se recopilan para hacer que el sitio web sea t\u00e9cnicamente accesible. En este caso, el art\u00edculo 6, p\u00e1rrafo 1 (f) del Reglamento General de Protecci\u00f3n de Datos de la UE (RGPD)sirve como base legal.<\/p>\n\n\n\n<p>Adem\u00e1s, sus datos se almacenar\u00e1n, en forma seudonanomizada, por motivos de seguridad, en particular para identificar y protegerse de ataques, compilar estad\u00edsticas web y optimizar nuestra presencia en Internet. En tales casos, la base legal es de conformidad con el Art\u00edculo 6, p\u00e1rrafo 1 lit. (f) del RGPD. Nuestro inter\u00e9s leg\u00edtimo consiste en asegurar que se alcancen los objetivos anteriores.<\/p>\n\n\n\n<p><strong>4. \u00bfQui\u00e9n tiene acceso a sus datos personales?<\/strong><\/p>\n\n\n\n<p>En algunos casos, transmitiremos sus datos a otras empresas del Grupo. Adem\u00e1s, tambi\u00e9n utilizamos proveedores de servicios que tambi\u00e9n pueden recibir sus datos. En estos casos, nos aseguramos de que sus datos personales se procesen de acuerdo con las disposiciones del RGPD y la Ley Org\u00e1nica 3\/2018, de 5 de diciembre, de Protecci\u00f3n de Datos Personales y garant\u00eda de los derechos digitales; as\u00ed como la Ley 34\/2002, de 11 de julio, de servicios de la sociedad de la informaci\u00f3n y de comercio electr\u00f3nico.<\/p>\n\n\n\n<p>Es nuestra pol\u00edtica no transmitir sus datos a terceros a menos que las autoridades competentes nos lo soliciten.<\/p>\n\n\n\n<p><strong>5. \u00bfCu\u00e1nto tiempo se almacenan los datos recopilados?<\/strong><\/p>\n\n\n\n<p>Los datos son almacenados durante 60 d\u00edas.<\/p>\n\n\n\n<p><strong>6. \u00bfTiene que facilitar sus datos?<\/strong><\/p>\n\n\n\n<p>No tiene obligaci\u00f3n legal o contractual de proporcionar sus datos personales. En caso de no facilitar los datos, se restringir\u00e1 el uso de nuestra web.<\/p>\n\n\n\n<p><strong>III. Anal\u00edtica y optimizaci\u00f3n web mediante cookies<\/strong><\/p>\n\n\n\n<p>Utilizamos cookies en nuestros sitios web. Las cookies son archivos de texto que contienen una cadena de caracteres caracter\u00edstica que permite identificar el ordenador. Se almacenan en su navegador o a trav\u00e9s de su navegador en su ordenador cuando visita el sitio web. Esto permite identificar el sistema operativo cuando se vuelve a visitar el sitio y cierta informaci\u00f3n que se transmite autom\u00e1ticamente.<\/p>\n\n\n\n<p>La informaci\u00f3n almacenada en las cookies tiene diferentes funciones. Utilizamos cookies en las siguientes categor\u00edas:<\/p>\n\n\n\n<ul><li>Cookies necesarias<\/li><\/ul>\n\n\n\n<p><strong>1. \u00bfQu\u00e9 datos personales utilizamos?<\/strong><\/p>\n\n\n\n<p>Recopilamos diferentes datos personales en funci\u00f3n de las cookies que se utilicen. Aqu\u00ed hay una descripci\u00f3n general de los datos procesados \u200b\u200ben cada caso y puede cambiar su configuraci\u00f3n <a href=\"#\" onclick=\"cookiefirst_show_settings();\"><b>aqu\u00ed<\/b><\/a>.<\/p>\n\n\n\n<p><strong>2. \u00bfQu\u00e9 fuentes de datos utilizamos?<\/strong><\/p>\n\n\n\n<p>Todos los datos que recopilamos en forma de cookies se recopilan de usted.<\/p>\n\n\n\n<p><strong>3. \u00bfPor qu\u00e9 procesamos sus datos personales y con qu\u00e9 base legal?<\/strong><\/p>\n\n\n\n<p>Utilizamos cookies con diferentes prop\u00f3sitos. La primera vez que visite uno de nuestros sitios web, se le pedir\u00e1 que elija qu\u00e9 cookies desea permitir.<\/p>\n\n\n\n<p><strong>a. Cookies necesarias<\/strong><\/p>\n\n\n\n<p>El prop\u00f3sito de las cookies necesarias es garantizar que nuestro sitio web funcione correctamente desde un punto de vista t\u00e9cnico y garantizar su estabilidad. El prop\u00f3sito de cada cookie se muestra aqu\u00ed. Cuando visite nuestro sitio web, se le informar\u00e1 a trav\u00e9s de nuestro banner sobre la configuraci\u00f3n de privacidad con respecto al uso de cookies, tambi\u00e9n puede consultar este aviso de privacidad. En este caso, el art\u00edculo 6, p\u00e1rrafo 1 (f) RGPD sirve como base legal. Nuestro inter\u00e9s leg\u00edtimo consiste en asegurar que se alcancen los objetivos antes mencionados.<\/p>\n\n\n\n<p>Los datos que recopilamos, a trav\u00e9s de las cookies se seudonimizan por medios t\u00e9cnicos y no se almacenan junto con sus otros datos personales. Por lo tanto, estos datos no pueden vincularse a usted personalmente.<\/p>\n\n\n\n<p><strong>b. Cookies estad\u00edsticas<\/strong><\/p>\n\n\n\n<p>Las cookies estad\u00edsticas nos ayudan a analizar sus h\u00e1bitos de navegaci\u00f3n y as\u00ed medir y mejorar el rendimiento de nuestros sitios web. Se utilizan para crear perfiles estad\u00edsticos que no permiten rastrear a usuarios individuales, solo a grupos. Podemos analizar el comportamiento de los visitantes y los clics, as\u00ed como las caracter\u00edsticas demogr\u00e1ficas de los usuarios del sitio. El prop\u00f3sito de cada cookie se muestra aqu\u00ed.<\/p>\n\n\n\n<p>Cuando visite nuestro sitio web, se le informar\u00e1 a trav\u00e9s de nuestro banner de configuraci\u00f3n de privacidad sobre el uso de cookies estad\u00edsticas, tambi\u00e9n puede consultar este aviso de privacidad. Si da su consentimiento para el procesamiento, haga clic en esta categor\u00eda de cookies y, por lo tanto, d\u00e9 su consentimiento como base legal de acuerdo con el art\u00edculo 6, p\u00e1rrafo 1 (f) del RGPD.<\/p>\n\n\n\n<p>Los datos que recopilamos, a trav\u00e9s de las cookies se seudonimizan por medios t\u00e9cnicos y no se almacenan junto con sus otros datos personales. Por lo tanto, estos datos no pueden vincularse a usted personalmente.<\/p>\n\n\n\n<p><strong>4. \u00bfQui\u00e9n tiene acceso a sus datos personales?<\/strong><\/p>\n\n\n\n<p>En algunos casos, transmitiremos sus datos a otras empresas del grupo. En algunos casos, los proveedores que ofrecen las respectivas cookies tendr\u00e1n acceso a sus datos en el contexto del procesamiento de datos, en nuestro nombre, seg\u00fan el art\u00edculo 28 del RGPD.<\/p>\n\n\n\n<p><strong>5. \u00bfCu\u00e1nto tiempo se almacenan sus datos personales?<\/strong><\/p>\n\n\n\n<p>El per\u00edodo de conservaci\u00f3n var\u00eda seg\u00fan el tipo de cookies:<\/p>\n\n\n\n<p>&nbsp;&nbsp;&nbsp; Cookies necesarias : 12 meses<\/p>\n\n\n\n<p>&nbsp;&nbsp;&nbsp; Cookies estad\u00edsticas: 6 meses<\/p>\n\n\n\n<p><strong>6. \u00bfTiene que facilitar sus datos?<\/strong><\/p>\n\n\n\n<p>Usted no tiene la obligaci\u00f3n de proporcionar sus datos personales. Sin embargo, existen cookies necesarias para garantizar que nuestro sitio web funcione correctamente, desde un punto de vista t\u00e9cnico.<\/p>\n\n\n\n<p><strong>7. Sus derechos con respecto a las cookies<\/strong><\/p>\n\n\n\n<p>Adem\u00e1s de los derechos mencionados en el punto IX, tiene derecho a:<\/p>\n\n\n\n<ul><li>oponerse en cualquier momento al uso de cookies necesarias; y<\/li><li>a retirar su consentimiento a las cookies estad\u00edsticas <a href=\"#\" onclick=\"cookiefirst_show_settings();\"><b>aqu\u00ed<\/b><\/a>.<\/li><\/ul>\n\n\n\n<p><strong>IV. Servicios web externos incorporados<\/strong><\/p>\n\n\n\n<p>Para que nuestro sitio web funcione correctamente utilizamos cookies. Para obtener tu consentimiento v\u00e1lido para el uso y el almacenamiento de cookies en el navegador que utilizas para acceder a nuestro sitio web y para documentarlo adecuadamente utilizamos una plataforma de gesti\u00f3n del consentimiento: CookieFirst. Esta tecnolog\u00eda es proporcionada por Digital Data Solutions BV, Plantage Middenlaan 42a, 1018 DH, Amsterdam, Pa\u00edses Bajos. Sitio web: <a href=\"https:\/\/cookiefirst.com\">https:\/\/cookiefirst.com<\/a> denominado CookieFirst.<\/p>\n\n\n\n<p>Cuando accedes a nuestro sitio web, se establece una conexi\u00f3n con el servidor de CookieFirstpara darnos la posibilidad de obtener tu consentimiento v\u00e1lido para el uso de cookies determinadas. A continuaci\u00f3n, CookieFirst almacena una cookie en tu navegador para poder activar s\u00f3lo aquellas cookies a las que has dado tu consentimiento y para documentarlo adecuadamente. Los datos procesados se almacenan hasta que expira el periodo de almacenamiento predefinido o hasta que solicites la eliminaci\u00f3n de los datos. A pesar de lo anterior, pueden aplicarse determinados periodos de almacenamiento legales obligatorios.<\/p>\n\n\n\n<p>CookieFirst se utiliza para obtener el consentimiento legalmente requerido para el uso de cookies. La base legal para ello es el art\u00edculo 6(1)(c) del Reglamento General de Protecci\u00f3n de Datos (GDPR).<\/p>\n\n\n\n<p><strong>Acuerdo de procesamiento de datos<\/strong><\/p>\n\n\n\n<p>Hemos celebrado un acuerdo de procesamiento de datos con CookieFirst. Se trata de un contrato exigido por la ley de protecci\u00f3n de datos, que garantiza que los datos de los visitantes de nuestro sitio web solo se procesen de acuerdo con nuestras instrucciones y en cumplimiento del GDPR.<\/p>\n\n\n\n<p><strong>Archivos de registro del servidor<\/strong><\/p>\n\n\n\n<p>Nuestro sitio web y CookieFirst recogen y almacenan autom\u00e1ticamente informaci\u00f3n en los denominados archivos de registro del servidor, que tu navegador nos transmite autom\u00e1ticamente. Se recogen los siguientes datos:<\/p>\n\n\n\n<ul><li>Tu consentimiento o la retirada del mismo<\/li><li>Tu direcci\u00f3n IP an\u00f3nima<\/li><li>Informaci\u00f3n sobre tu navegador<\/li><li>Informaci\u00f3n sobre tu dispositivo<\/li><li>La fecha y la hora en que has visitado nuestro sitio web<\/li><li>La url de la p\u00e1gina web donde has guardado o actualizado tus preferencias de consentimiento<\/li><li>La ubicaci\u00f3n aproximada del usuario que guard\u00f3 sus preferencias de consentimiento<\/li><li>Un identificador \u00fanico universal (UUID) del visitante del sitio web que hizo clic en el banner cookie<\/li><\/ul>\n\n\n\n<p><strong>V. \u00bfSe realiza una toma de decisiones automatizada, incluida la elaboraci\u00f3n de perfiles?<\/strong><\/p>\n\n\n\n<p>No se lleva a cabo ninguna toma de decisiones o elaboraci\u00f3n de perfiles automatizada.<\/p>\n\n\n\n<p><strong>VI. \u00bfSe transfieren sus datos a pa\u00edses fuera de la Uni\u00f3n Europea (los llamados terceros pa\u00edses)?<\/strong><\/p>\n\n\n\n<p>Tambi\u00e9n utilizamos proveedores de servicios en terceros pa\u00edses, fuera de la Uni\u00f3n Europea y del Espacio Econ\u00f3mico Europeo (\u00abEEE\u00bb), para procesar sus datos. Para proteger sus datos personales, utilizamos las cl\u00e1usulas est\u00e1ndar de protecci\u00f3n de datos, con proveedores de servicios de terceros pa\u00edses, proporcionadas por la Comisi\u00f3n Europea. Estas cl\u00e1usulas brindan una protecci\u00f3n adecuada para el procesamiento de sus datos a trav\u00e9s de proveedores de servicios de terceros pa\u00edses.<\/p>\n\n\n\n<p>Tiene la oportunidad de solicitar m\u00e1s informaci\u00f3n y copias de los acuerdos relevantes en cualquier momento. Puede ponerse en contacto con nosotros utilizando los datos de contacto mencionados en los puntos I y II.<\/p>\n\n\n\n<p><strong>VII. \u00bfQu\u00e9 derechos le asiste en relaci\u00f3n con el tratamiento de sus datos personales?<\/strong><\/p>\n\n\n\n<p><strong>1. Derecho de acceso<\/strong><\/p>\n\n\n\n<p>Tiene derecho a solicitarnos, a trav\u00e9s del Delegado de Protecci\u00f3n de Datos (DPD), que le confirmemos si estamos procesando datos personales que le conciernen o est\u00e9n relacionados con usted. En este contexto, puede solicitar que se le informe sobre las garant\u00edas adecuadas en virtud del art\u00edculo 46 del RGPD en relaci\u00f3n con la transferencia.<\/p>\n\n\n\n<p><strong>2. Derecho de rectificaci\u00f3n<\/strong><\/p>\n\n\n\n<p>Tiene derecho a solicitar al DPD que corrija y\/o complete sus datos, si los datos personales procesados \u200b\u200bsobre usted son inexactos o incompletos. El responsable del tratamiento llevar\u00e1 a cabo la correcci\u00f3n sin demora.<\/p>\n\n\n\n<p><strong>3. Derecho a limitaci\u00f3n de tratamiento<\/strong><\/p>\n\n\n\n<p>De acuerdo con lo dispuesto en el RGPD, puede solicitar que se restrinja el procesamiento de sus datos personales.<\/p>\n\n\n\n<p><strong>4. Derecho de supresi\u00f3n<\/strong><\/p>\n\n\n\n<p>Puede solicitar al DPD que borre sus datos personales. Estamos obligados a borrar dichos datos sin demora, a menos que existan motivos legales que lo impidan.<\/p>\n\n\n\n<p><strong>5. Derecho de portabilidad<\/strong><\/p>\n\n\n\n<p>Tiene derecho a que le facilitemos una copia de los datos personales que nos ha proporcionado, en un formato estructurado, de uso com\u00fan y legible por ordenador, siempre que la base legal de tratamiento sea su consentimiento o el cumplimiento de un contrato. Al ejercer este derecho, y cuando sea t\u00e9cnicamente factible, tiene derecho a que sus datos personales sean transferidos directamente de otro responsable de tratamiento. Sin embargo, este derecho no podr\u00e1 ser ejercido de forma que afecte los derechos y libertades de otras personas.<\/p>\n\n\n\n<p><strong>6. Derecho a retirar su consentimiento<\/strong><\/p>\n\n\n\n<p>Tiene derecho a retirar su consentimiento, al tratamiento de sus datos, en cualquier momento. La retirada del consentimiento no afecta a la licitud del tratamiento basado en el consentimiento previo a su retirada. Esto tambi\u00e9n se aplica a la revocaci\u00f3n del consentimiento que se nos proporcion\u00f3 antes de que entrara en vigor el RGPD, es decir, antes del 25 de mayo de 2018. En ese caso, se eliminar\u00e1n todos los datos personales almacenados en base al consentimiento, a menos que exista otra base legal para ello.<\/p>\n\n\n\n<p><strong>7. Ejercicio de sus derechos<\/strong><\/p>\n\n\n\n<p>Para ejercer sus derechos, mencionados anteriormente, cont\u00e1ctenos utilizando los datos de contacto mencionados en los puntos I y II.<\/p>\n\n\n\n<p>Si desea retirar su consentimiento para los servicios de Google, puede cambiar su configuraci\u00f3n <a href=\"#\" onclick=\"cookiefirst_show_settings();\"><b>aqu\u00ed<\/b><\/a>. Si desea retirar su consentimiento para recibir nuestro bolet\u00edn, utilice el enlace para darse de baja que se encuentra en la parte inferior de cada bolet\u00edn. La retirada del consentimiento no afecta a la licitud del tratamiento basado en el consentimiento previo a su retirada.<\/p>\n\n\n\n<p><strong>8. Derecho de oposici\u00f3n<\/strong><\/p>\n\n\n\n<p>Tiene derecho en cualquier momento, si as\u00ed lo desea, a oponerse al procesamiento de los datos personales relacionados con usted, de conformidad con el art\u00edculo 6 (1) (e) o (f) RGPD. Esto tambi\u00e9n se aplica a la elaboraci\u00f3n de perfiles basada en estas disposiciones.<\/p>\n\n\n\n<p>Si procesamos sus datos personales con fines de marketing directo, tiene derecho a oponerse al procesamiento en cualquier momento. Esto tambi\u00e9n se aplica a la elaboraci\u00f3n de perfiles, en la medida en que se trate de marketing directo. Si realiza dicha objeci\u00f3n, sus datos personales dejar\u00e1n de ser procesados \u200b\u200bpara tales fines.<\/p>\n\n\n\n<p>Para ejercer su derecho de oposici\u00f3n, p\u00f3ngase en contacto con nosotros utilizando los datos de contacto mencionados en los puntos 1 y 2.<\/p>\n\n\n\n<p><strong>9. Derecho a reclamar ante la autoridad de control<\/strong><\/p>\n\n\n\n<p>Sin perjuicio de cualquier otro recurso administrativo o judicial, tiene derecho a presentar una reclamaci\u00f3n ante una autoridad de control, en primera instancia la del estado miembro de su residencia, lugar de trabajo o lugar de la supuesta infracci\u00f3n, si considera que el procesamiento de sus datos personales el RGPD. La autoridad de control ante la que se haya presentado la reclamaci\u00f3n le informar\u00e1 del estado y resultado de su reclamaci\u00f3n, as\u00ed como de la posibilidad de recurso en virtud del art\u00edculo 78 del RGPD. Para que le resulte m\u00e1s f\u00e1cil hacer valer sus derechos, consulte la siguiente direcci\u00f3n de la autoridad de control responsable competente en nuestro domicilio y la del Reino de Espa\u00f1a:<\/p>\n\n\n\n<ul><li>Agencia Espa\u00f1ola de Protecci\u00f3n de Datos:<\/li><\/ul>\n\n\n\n<p>C\/ Jorge Juan, 6<\/p>\n\n\n\n<p>28001 \u2013 Madrid (Spain)<\/p>\n\n\n\n<p>Phone\/Tel. +34 900 293 183<\/p>\n\n\n\n<p>Web: <a href=\"https:\/\/www.aepd.es\/es\">https:\/\/www.aepd.es\/es<\/a><\/p>\n\n\n\n<p>Complaints\/Reclamaciones: <a href=\"https:\/\/rec.redsara.es\/registro\/action\/are\/acceso.do\">https:\/\/rec.redsara.es\/registro\/action\/are\/acceso.do<\/a><\/p>\n\n\n\n<p>Haga clic aqu\u00ed para obtener una descripci\u00f3n general y los datos de contacto de todas las autoridades nacionales de protecci\u00f3n de datos y los supervisores europeos de protecci\u00f3n de datos.<\/p>\n","protected":false},"excerpt":{"rendered":"<p>Informaci\u00f3n general Gracias por tu inter\u00e9s en nuestra compa\u00f1\u00eda. Su privacidad es importante para nosotros y siempre debe sentirse seguro y c\u00f3modo al visitar nuestro sitio web. Por ello, hemos tomado medidas tanto t\u00e9cnicas como organizativas para asegurarnos de cumplir siempre con la legislaci\u00f3n vigente. Este documento describe la informaci\u00f3n que podemos recopilar y lo [&hellip;]<\/p>\n","protected":false},"author":9,"featured_media":0,"parent":0,"menu_order":0,"comment_status":"closed","ping_status":"closed","template":"","meta":[],"acf":[],"_links":{"self":[{"href":"https:\/\/www.petitcomite.net\/es\/wp-json\/wp\/v2\/pages\/7375"}],"collection":[{"href":"https:\/\/www.petitcomite.net\/es\/wp-json\/wp\/v2\/pages"}],"about":[{"href":"https:\/\/www.petitcomite.net\/es\/wp-json\/wp\/v2\/types\/page"}],"author":[{"embeddable":true,"href":"https:\/\/www.petitcomite.net\/es\/wp-json\/wp\/v2\/users\/9"}],"replies":[{"embeddable":true,"href":"https:\/\/www.petitcomite.net\/es\/wp-json\/wp\/v2\/comments?post=7375"}],"version-history":[{"count":1,"href":"https:\/\/www.petitcomite.net\/es\/wp-json\/wp\/v2\/pages\/7375\/revisions"}],"predecessor-version":[{"id":7376,"href":"https:\/\/www.petitcomite.net\/es\/wp-json\/wp\/v2\/pages\/7375\/revisions\/7376"}],"wp:attachment":[{"href":"https:\/\/www.petitcomite.net\/es\/wp-json\/wp\/v2\/media?parent=7375"}],"curies":[{"name":"wp","href":"https:\/\/api.w.org\/{rel}","templated":true}]}}