{"id":7377,"date":"2022-12-13T15:44:45","date_gmt":"2022-12-13T15:44:45","guid":{"rendered":"https:\/\/www.petitcomite.net\/?page_id=7377"},"modified":"2022-12-13T15:44:48","modified_gmt":"2022-12-13T15:44:48","slug":"politica-de-cookies","status":"publish","type":"page","link":"https:\/\/www.petitcomite.net\/es\/politica-de-cookies\/","title":{"rendered":"Pol\u00edtica de cookies"},"content":{"rendered":"\n<p><strong>\u00bfQu\u00e9 es una cookie?<\/strong><\/p>\n\n\n\n<p>Una cookie es un fichero que se descarga en su ordenador al acceder a determinadas p\u00e1ginas web. Las cookies permiten a una p\u00e1gina web, entre otras cosas, almacenar y recuperar informaci\u00f3n sobre los h\u00e1bitos de navegaci\u00f3n de un usuario o de su equipo y, dependiendo de la informaci\u00f3n que contengan y de la forma en que se utilice su equipo, pueden servir para reconocerlo.<\/p>\n\n\n\n<p>No obstante, estos medios s\u00f3lo obtienen informaci\u00f3n relacionada con el n\u00famero de p\u00e1ginas visitas, la ciudad a la que est\u00e1 asignada la direcci\u00f3n IP desde la que se accede, el n\u00famero de nuevos usuarios, la frecuencia y reincidencia de las visitas, el tiempo de visita, el navegador o el operador o tipo de terminal desde el que se realiza la visita. En ning\u00fan caso se obtienen datos sobre el nombre, apellidos, direcci\u00f3n postal u otros datos an\u00e1logos del usuario que se ha conectado.<\/p>\n\n\n\n<p><strong>\u00bfQu\u00e9 tipos de cookies existen?<\/strong><\/p>\n\n\n\n<p>Las cookies pueden ser propias o de terceros. Las propias son aquellas que se env\u00edan al equipo terminal del usuario desde un equipo o dominio gestionado por el propio editor de la web desde el que se presta el servicio solicitado por el usuario. Las cookies de terceros son aquellas que se env\u00edan al equipo terminal del usuario desde un equipo o dominio que no es gestionado por el editor, sino por otra entidad que trata los datos obtenidos trav\u00e9s de las cookies.<\/p>\n\n\n\n<p>Adem\u00e1s, las cookies pueden ser de sesi\u00f3n o persistentes. Las primeras son un tipo de cookies dise\u00f1adas para recabar y almacenar datos mientras el usuario accede a una p\u00e1gina web. Las persistentes son un tipo de cookies que hace que los datos sigan almacenados en el terminal y puedan ser accedidos y tratados durante un periodo definido por el responsable de la cookie, que puede ir de unos minutos a varios a\u00f1os.<\/p>\n\n\n\n<p><strong>\u00bfQui\u00e9n es el responsable del tratamiento de las cookies en esta p\u00e1gina web?<\/strong><\/p>\n\n\n\n<p>El titular de la web y responsable del tratamiento de las cookies aqu\u00ed utilizadas, as\u00ed como sus datos de contacto, son accesibles en el&nbsp;Aviso legal&nbsp;de esta p\u00e1gina. Asimismo, pueden existir cookies de terceros distintos del titular de esta web, como se explica m\u00e1s abajo.<\/p>\n\n\n\n<p><strong>\u00bfCu\u00e1les son las cookies que utiliza esta web y para qu\u00e9 se utilizan?<\/strong><\/p>\n\n\n\n<p><strong>Cookies propias<\/strong><\/p>\n\n\n\n<p>Tienen por finalidad identificar al usuario en la pantalla con su nick, identificar al usuario como suscriptor o no, registrar la aceptaci\u00f3n de la Pol\u00edtica de cookies, el guardado y recordatorio de contrase\u00f1a y el guardado de filtros establecidos para las b\u00fasquedas y, en general, proporcionar informaci\u00f3n personalizada seg\u00fan las preferencias manifestadas por el usuario.<\/p>\n\n\n\n<p><strong>Cookies de terceros<\/strong><\/p>\n\n\n\n<ul><li><strong>Cookies de an\u00e1lisis:<\/strong>&nbsp;son aqu\u00e9llas que, bien tratadas por nosotros o por terceros, nos permiten cuantificar el n\u00famero de usuarios y examinar su navegaci\u00f3n, pudiendo as\u00ed realizar la medici\u00f3n y an\u00e1lisis estad\u00edstico de la utilizaci\u00f3n que hacen los usuarios. Para ello se analiza su navegaci\u00f3n en nuestra p\u00e1gina web con el fin de mejorar los contenidos de la misma y prestar un mejor servicio a trav\u00e9s de ella.<\/li><li><strong>Cookies publicitarias:<\/strong>&nbsp;son aqu\u00e9llas que permiten la gesti\u00f3n de la forma m\u00e1s eficaz posible de los espacios publicitarios que, en su caso, el editor haya incluido en una p\u00e1gina web, aplicaci\u00f3n o plataforma desde la que presta el servicio solicitado en base a criterios como el contenido editado o la frecuencia en la que se muestran los anuncios.<\/li><li><strong>Cookies de personalizaci\u00f3n:<\/strong>&nbsp;permiten ofrecer una experiencia m\u00e1s personalizada de los contenidos de esta web, mostrar contenidos relevantes para el usuario y enviarle los mensajes o alertas que solicite.<\/li><li><strong>Cookies de redes sociales:<\/strong>&nbsp;son aquellas que facilitan y monitorizan la conexi\u00f3n y la publicaci\u00f3n de contenidos entre esta web y las redes sociales.<\/li><\/ul>\n\n\n\n<div id=\"cookiefirst-cookies-table\"><\/div>\n\n\n\n<p><strong>\u00bfDurante cu\u00e1nto tiempo se guardan las cookies?<\/strong><\/p>\n\n\n\n<p>Las cookies propias se eliminan autom\u00e1ticamente al finalizar la sesi\u00f3n del usuario.<\/p>\n\n\n\n<p>Respecto a las cookies de terceros:<\/p>\n\n\n\n<ul><li>__utma: caduca a los dos a\u00f1os desde la \u00faltima actualizaci\u00f3n. Genera un ID de usuario \u00fanico y registra la fecha, la primera y la \u00faltima vez que el usuario visit\u00f3 la web.<\/li><li>__utmb: caduca a los 30 minutos de la \u00faltima actualizaci\u00f3n. Registra la hora de llegada a la p\u00e1gina. Se elimina autom\u00e1ticamente al cambiar de web o al cerrar el navegador.<\/li><li>__utmz: caduca a los seis meses. Almacena el origen del visitante, el camino que ha seguido para acceder a la web, ya sea acceso directo, desde un enlace en otra web, desde un enlace de correo electr\u00f3nico, empleando determinadas palabras clave en un motor de b\u00fasqueda, a trav\u00e9s de una campa\u00f1a de display o por medio de un anuncio de AdWords. La cookie se actualiza en cada visita a la web.<\/li><\/ul>\n\n\n\n<p><strong>\u00bfCu\u00e1l es la legitimaci\u00f3n para el uso de las cookies?<\/strong><\/p>\n\n\n\n<p>La base legal del uso de las cookies es el consentimiento del usuario, que se le solicita en el momento de acceder a esta web, pudiendo revocarlo en cualquier momento. La retirada de dicho consentimiento no afectar\u00e1 a la posibilidad de navegar por esta web y utilizar sus servicios, pero los tratamientos de datos efectuados con anterioridad no perder\u00e1n su licitud por el hecho de que el consentimiento se haya revocado.<\/p>\n\n\n\n<p><strong>\u00bfA qu\u00e9 destinatarios se comunicar\u00e1n las cookies o qui\u00e9nes podr\u00e1n acceder a ellas?<\/strong><\/p>\n\n\n\n<p>Cuando existan cookies de terceros, conforme a lo indicado m\u00e1s arriba, dichos terceros podr\u00e1n acceder a las cookies y utilizarlas en la forma antes descrita.<\/p>\n\n\n\n<p><strong>\u00bfCu\u00e1les son tus derechos en relaci\u00f3n con el uso de cookies por esta web?<\/strong><\/p>\n\n\n\n<p>Seg\u00fan dispone la normativa vigente, cualquier persona tiene derecho a obtener confirmaci\u00f3n sobre si se est\u00e1n tratando datos personales que le conciernan o no. Asimismo, en las condiciones legalmente previstas, las personas interesadas tienen derecho a acceder a sus datos, as\u00ed como a solicitar la rectificaci\u00f3n de los datos inexactos o, en su caso, a solicitar su supresi\u00f3n cuando, entre otros motivos, los datos ya no sean necesarios para los fines para los que fueron recogidos. En el caso de las cookies estos derechos pueden ejercerse con sujeci\u00f3n a las limitaciones derivadas de la naturaleza de estos ficheros.<\/p>\n\n\n\n<p>En las condiciones previstas en el Reglamento General de Protecci\u00f3n de Datos, los interesados podr\u00e1n solicitar la limitaci\u00f3n del tratamiento de sus datos o su portabilidad, en cuyo caso \u00fanicamente los conservaremos para el ejercicio o la defensa de reclamaciones.<\/p>\n\n\n\n<p>En determinadas circunstancias y por motivos relacionados con su situaci\u00f3n particular, los interesados podr\u00e1n oponerse al tratamiento de sus datos. Si has otorgado el consentimiento para alguna finalidad espec\u00edfica, tienes derecho a retirarlo en cualquier momento, sin que ello afecte a la licitud del tratamiento basado en el consentimiento previo a su retirada. En estos supuestos dejaremos de tratar los datos o, en su caso, dejaremos de hacerlo para esa finalidad en concreto, salvo por motivos leg\u00edtimos imperiosos o para el ejercicio o la defensa de posibles reclamaciones.<\/p>\n\n\n\n<p>Frente a cualquier vulneraci\u00f3n de tus derechos, especialmente cuando no hayas obtenido satisfacci\u00f3n en su ejercicio, puedes presentar una reclamaci\u00f3n ante la Agencia Espa\u00f1ola de Protecci\u00f3n de Datos (datos de contacto accesibles en www.agpd.es) u otra autoridad de control competente.<\/p>\n\n\n\n<p>Tambi\u00e9n puedes obtener m\u00e1s informaci\u00f3n sobre los derechos que te asisten dirigi\u00e9ndote a dichos organismos.<\/p>\n\n\n\n<p><strong>\u00bfC\u00f3mo puedo gestionar las cookies?<\/strong><\/p>\n\n\n\n<p>Puedes permitir, bloquear o eliminar las cookies instaladas en tu equipo mediante la configuraci\u00f3n de las opciones de tu navegador. Puedes encontrar informaci\u00f3n sobre c\u00f3mo hacerlo, en relaci\u00f3n con los navegadores m\u00e1s comunes, en los siguientes enlaces:<\/p>\n\n\n\n<ul><li>Chrome: https:\/\/support.google.com\/chrome\/answer\/95647?hl=es&amp;hlrm=en<\/li><li>Explorer Versi\u00f3n 11: https:\/\/support.microsoft.com\/es-es\/help\/17442\/windows-internet-explorer-delete-manage-cookies<\/li><li>Edge: https:\/\/support.microsoft.com\/es-es\/microsoft-edge\/eliminar-las-cookies-en-microsoft-edge-63947406-40ac-c3b8-57b9-2a946a29ae09<\/li><li>Safari: http:\/\/support.apple.com\/kb\/HT1677?viewlocale=es_ES<\/li><li>Firefox: http:\/\/support.mozilla.org\/es\/kb\/habilitar-y-deshabilitar-cookies-que-los-sitios-we<\/li><li>Opera: https:\/\/www.habilitarlascookies.com\/como-habilitar-las-cookies-en-opera.htmlSafari:&nbsp;<a href=\"https:\/\/support.apple.com\/es-es\/guide\/safari\/sfri11471\/mac\">https:\/\/support.apple.com\/es-es\/guide\/safari\/sfri11471\/mac<\/a><\/li><\/ul>\n","protected":false},"excerpt":{"rendered":"<p>\u00bfQu\u00e9 es una cookie? Una cookie es un fichero que se descarga en su ordenador al acceder a determinadas p\u00e1ginas web. Las cookies permiten a una p\u00e1gina web, entre otras cosas, almacenar y recuperar informaci\u00f3n sobre los h\u00e1bitos de navegaci\u00f3n de un usuario o de su equipo y, dependiendo de la informaci\u00f3n que contengan y [&hellip;]<\/p>\n","protected":false},"author":9,"featured_media":0,"parent":0,"menu_order":0,"comment_status":"closed","ping_status":"closed","template":"","meta":[],"acf":[],"_links":{"self":[{"href":"https:\/\/www.petitcomite.net\/es\/wp-json\/wp\/v2\/pages\/7377"}],"collection":[{"href":"https:\/\/www.petitcomite.net\/es\/wp-json\/wp\/v2\/pages"}],"about":[{"href":"https:\/\/www.petitcomite.net\/es\/wp-json\/wp\/v2\/types\/page"}],"author":[{"embeddable":true,"href":"https:\/\/www.petitcomite.net\/es\/wp-json\/wp\/v2\/users\/9"}],"replies":[{"embeddable":true,"href":"https:\/\/www.petitcomite.net\/es\/wp-json\/wp\/v2\/comments?post=7377"}],"version-history":[{"count":1,"href":"https:\/\/www.petitcomite.net\/es\/wp-json\/wp\/v2\/pages\/7377\/revisions"}],"predecessor-version":[{"id":7378,"href":"https:\/\/www.petitcomite.net\/es\/wp-json\/wp\/v2\/pages\/7377\/revisions\/7378"}],"wp:attachment":[{"href":"https:\/\/www.petitcomite.net\/es\/wp-json\/wp\/v2\/media?parent=7377"}],"curies":[{"name":"wp","href":"https:\/\/api.w.org\/{rel}","templated":true}]}}